{"id":5,"date":"2026-03-02T04:19:43","date_gmt":"2026-03-02T03:19:43","guid":{"rendered":"https:\/\/testeduardo.lunarishost.com\/?page_id=5"},"modified":"2026-03-02T04:19:43","modified_gmt":"2026-03-02T03:19:43","slug":"inicio","status":"publish","type":"page","link":"https:\/\/testeduardo.lunarishost.com\/","title":{"rendered":"Inicio"},"content":{"rendered":"<section class=\"hero\">\n<h1>Transformando Ideas en <span class=\"text-gradient\">Resultados Digitales<\/span><\/h1>\n<p>Consultor\u00eda estrat\u00e9gica y desarrollo de alto nivel para Eduardo.<\/p>\n<div class=\"cta-group\"><a href=\"#\" class=\"btn\">Ver Proyectos<\/a><a href=\"#\" class=\"btn btn-outline\">Saber M\u00e1s<\/a><\/div>\n<\/section>\n<section class=\"grid\">\n<div class=\"card\">\n<h3>\ud83d\ude80 Innovaci\u00f3n<\/h3>\n<p>Implementaci\u00f3n de tecnolog\u00edas de vanguardia para optimizar procesos y escala.<\/p>\n<\/div>\n<div class=\"card\">\n<h3>\ud83d\udcca Estrategia<\/h3>\n<p>An\u00e1lisis profundo de datos para la toma de decisiones informadas y crecimiento sostenible.<\/p>\n<\/div>\n<div class=\"card\">\n<h3>\ud83d\udc8e Calidad<\/h3>\n<p>Atenci\u00f3n obsesiva al detalle en cada etapa del desarrollo y ejecuci\u00f3n.<\/p>\n<\/div>\n<\/section>\n","protected":false},"excerpt":{"rendered":"<p>Transformando Ideas en Resultados Digitales Consultor\u00eda estrat\u00e9gica y desarrollo de alto nivel para Eduardo. Ver ProyectosSaber M\u00e1s \ud83d\ude80 Innovaci\u00f3n Implementaci\u00f3n de tecnolog\u00edas de vanguardia para optimizar procesos y escala. \ud83d\udcca Estrategia An\u00e1lisis profundo de datos para la toma de decisiones informadas y crecimiento sostenible. \ud83d\udc8e Calidad Atenci\u00f3n obsesiva al detalle en cada etapa del desarrollo [&hellip;]<\/p>\n","protected":false},"author":0,"featured_media":0,"parent":0,"menu_order":0,"comment_status":"closed","ping_status":"closed","template":"","meta":{"footnotes":""},"class_list":["post-5","page","type-page","status-publish","hentry"],"_links":{"self":[{"href":"https:\/\/testeduardo.lunarishost.com\/index.php?rest_route=\/wp\/v2\/pages\/5","targetHints":{"allow":["GET"]}}],"collection":[{"href":"https:\/\/testeduardo.lunarishost.com\/index.php?rest_route=\/wp\/v2\/pages"}],"about":[{"href":"https:\/\/testeduardo.lunarishost.com\/index.php?rest_route=\/wp\/v2\/types\/page"}],"replies":[{"embeddable":true,"href":"https:\/\/testeduardo.lunarishost.com\/index.php?rest_route=%2Fwp%2Fv2%2Fcomments&post=5"}],"version-history":[{"count":0,"href":"https:\/\/testeduardo.lunarishost.com\/index.php?rest_route=\/wp\/v2\/pages\/5\/revisions"}],"wp:attachment":[{"href":"https:\/\/testeduardo.lunarishost.com\/index.php?rest_route=%2Fwp%2Fv2%2Fmedia&parent=5"}],"curies":[{"name":"wp","href":"https:\/\/api.w.org\/{rel}","templated":true}]}}